{"id":3412,"date":"2022-03-30T09:10:58","date_gmt":"2022-03-30T08:10:58","guid":{"rendered":"https:\/\/landing.serpreco.com\/?page_id=3412"},"modified":"2022-04-21T14:08:03","modified_gmt":"2022-04-21T13:08:03","slug":"bases-promocion","status":"publish","type":"page","link":"https:\/\/landing.serpreco.com\/ca\/bases-promocion\/","title":{"rendered":"Bases de la promoci\u00f3"},"content":{"rendered":"<div data-elementor-type=\"wp-page\" data-elementor-id=\"3412\" class=\"elementor elementor-3412\" data-elementor-post-type=\"page\">\n\t\t\t\t\t\t<section class=\"elementor-section elementor-top-section elementor-element elementor-element-03c06f2 elementor-section-boxed elementor-section-height-default elementor-section-height-default\" data-id=\"03c06f2\" data-element_type=\"section\">\n\t\t\t\t\t\t<div class=\"elementor-container elementor-column-gap-default\">\n\t\t\t\t\t<div class=\"elementor-column elementor-col-100 elementor-top-column elementor-element elementor-element-ca90d5c\" data-id=\"ca90d5c\" data-element_type=\"column\">\n\t\t\t<div class=\"elementor-widget-wrap elementor-element-populated\">\n\t\t\t\t\t\t<div class=\"elementor-element elementor-element-1d1fb5a elementor-widget elementor-widget-heading\" data-id=\"1d1fb5a\" data-element_type=\"widget\" data-widget_type=\"heading.default\">\n\t\t\t\t<div class=\"elementor-widget-container\">\n\t\t\t\t\t<h2 class=\"elementor-heading-title elementor-size-default\">Bases de la promoci\u00f3 <\/h2>\t\t\t\t<\/div>\n\t\t\t\t<\/div>\n\t\t\t\t\t<\/div>\n\t\t<\/div>\n\t\t\t\t\t<\/div>\n\t\t<\/section>\n\t\t\t\t<section class=\"elementor-section elementor-top-section elementor-element elementor-element-3c4e491 elementor-section-boxed elementor-section-height-default elementor-section-height-default\" data-id=\"3c4e491\" data-element_type=\"section\">\n\t\t\t\t\t\t<div class=\"elementor-container elementor-column-gap-default\">\n\t\t\t\t\t<div class=\"elementor-column elementor-col-100 elementor-top-column elementor-element elementor-element-1dab7fc\" data-id=\"1dab7fc\" data-element_type=\"column\">\n\t\t\t<div class=\"elementor-widget-wrap elementor-element-populated\">\n\t\t\t\t\t\t<div class=\"elementor-element elementor-element-cbbe9cc elementor-widget elementor-widget-text-editor\" data-id=\"cbbe9cc\" data-element_type=\"widget\" data-widget_type=\"text-editor.default\">\n\t\t\t\t<div class=\"elementor-widget-container\">\n\t\t\t\t\t\t\t\t\t<p><b>1. Empresa Organitzadora<\/b><\/p><p>L'empresa organitzadora de l'acci\u00f3 \"XEC AMAZON_M\u00c9S M\u00daTUA\" (d'ara endavant, \"l'Acci\u00f3\"), que es regula mitjan\u00e7ant les bases presents (d'ara endavant, \"Bases\"), \u00e9s SERPRECO CORREDORIA D'ASSEGURANCES SA, amb domicili a VIA LAIETANA, n\u00ba39, 2a planta, 08003 Barcelona (d'ara endavant, SERPRECO).<\/p><p>\u00a0<\/p><p><b>2. Duraci\u00f3 i \u00e0mbit territorial<\/b><\/p><p>Pel benefici de \"XEC AMAZON_M\u00c9S M\u00daTUA\", la vig\u00e8ncia ser\u00e0 <b>des de l'1 d'abril de 2022 a l'1 d'abril de 2023<\/b>SERPRECO es reserva el dret a modificar o cancel\u00b7lar, sense necessitat de justificaci\u00f3 i en qualsevol moment, les presents Bases Legals i l'Acci\u00f3.<\/p><p>L'acci\u00f3 ser\u00e0 v\u00e0lida per a tot el territori espanyol. Andorra no estar\u00e0 inclosa.<\/p><p>\u00a0<\/p><p><b>3. Objecte<\/b><\/p><p>Aquesta campanya permetr\u00e0 als clients (Prenedors) ja existents de SERPRECO de beneficiar-se d'un benefici en forma de xec de 30 euros de l'empresa AMAZON  de manera gratu\u00efta (d'ara endavant, \"Benefici\"). Aquests clients podran ser nom\u00e9s persones f\u00edsiques majors d'edat amb capacitat per a contractar assegurances a trav\u00e9s de SERPRECO.<\/p><div>\u00a0<\/div><p><b>4. Beneficiaris<\/b><\/p><p>Podran beneficiar-se de l'acci\u00f3 aquells que compleixin les seg\u00fcents condicions:<\/p><ul><li><b>Que contractin una nova asseguran\u00e7a de forma anual renovable.<\/b><\/li><li><b style=\"color: var( --e-global-color-text ); font-family: var( --e-global-typography-text-font-family ), Oxygen; background-color: var(--base-3);\">Que en el moment de la contractaci\u00f3 sigui prenedor de, almenys, una asseguran\u00e7a amb Serpreco com a mediador de forma anual renovable i al corrent de pagament.<\/b><\/li><\/ul><p><b>5. Els beneficis de la Campanya<\/b><\/p><p>Tal com s'indica a l'objecte, el benefici \u00e9s el que s'indica a continuaci\u00f3:<\/p><p>\u00a0<\/p><ul><li><b>Targeta Amazon <em>online<\/em> per import de 30 euros.<\/b><\/li><\/ul><div><b>\u00a0<span style=\"background-color: var(--base-3);\">6. Com accedir al benefici millora de preu<\/span><\/b><\/div><div><ul><li>Per accedir a aquest benefici, el client haur\u00e0 de ser client de Serpreco, disposar ja d'una p\u00f2lissa en vigor anual renovable i al corrent de pagament i contractar i emetre almenys una p\u00f2lissa amb SERPRECO com a mediador, <b>entre l'1 d'abril de 2022 i l'1 d'abril de 2023<\/b>.<\/li><li>Assegurances temporals de duraci\u00f3 inferior a un any o de prima anual inferior a 100 euros queden excloses d'aquest benefici.<\/li><li>\u00a0Amb independ\u00e8ncia del nombre total de p\u00f2lisses noves contractades i de la modalitat, el m\u00e0xim de xecs a entregar a un mateix prenedor ser\u00e0 de 10 xecs de 30 euros cadascun.\u00a0<\/li><\/ul><\/div><div><div>L'entrega del xec es realitzar\u00e0 durant la primera anualitat de la p\u00f2lissa, en cap cas, futures renovacions i 60 dies despr\u00e9s de tenir el rebut cobrat.\u00a0<\/div><div>El xec regal d'Amazon.es* estar\u00e0 subjecte als termes i condicions d'\u00fas d'Amazon al moment d'emissi\u00f3 d'aquest. <a href=\"https:\/\/www.amazon.es\/gp\/help\/customer\/display.html\/?nodeId=200656270\">https:\/\/www.amazon.es\/gp\/help\/customer\/display.html\/?nodeId=200656270<\/a><\/div><\/div><div>\u00a0<\/div><div><div><b>7. Exclusions<\/b><\/div><div>A la contractaci\u00f3 del benefici de la campanya queden <b>excloses de la promoci\u00f3 els reempla\u00e7aments<\/b>, \u00e9s a dir, els riscos ja assegurats a trav\u00e9s de Serpreco.<\/div><div>\u00a0<\/div><div><b>8. Acceptaci\u00f3 de les bases<\/b><\/div><div>Els participants, pel simple fet de participar enla present acci\u00f3, accepten les seves bases i el criteri de SERPRECO quant a la resoluci\u00f3 de qualsevol q\u00fcesti\u00f3 derivada d'aquest.<\/div><div>\u00a0<\/div><div><b>9. Publicitat de les bases<\/b><\/div><div>Les presents bases de l'acci\u00f3 XEC AMAZON_M\u00c9S M\u00daTUA es troben en disposici\u00f3 del p\u00fablic a la p\u00e0gina web de la companyia a <a href=\"https:\/\/landing.serpreco.com\/ca\/mas-mutua\/\">https:\/\/landing.serpreco.com\/mas-mutua\/<\/a><\/div><div>\u00a0<\/div><div><b>10. Protecci\u00f3 de Dades<\/b><\/div><div>Per a possibilitar l'expedici\u00f3 dels xecs regal d'Amazon, els beneficiaris dels mateixos consenten expressament que SERPRECO comuniqui les seves dades personals a Amazon, entenent-se que, de no mediar aquest consentiment expr\u00e9s, renuncien al xec regal. L'\u00fas del xec regal est\u00e0 subjecte a les condicions fixades per Amazon, i el tractament de les dades personals per part d'Amazon es regeix per la seva pol\u00edtica de privacitat, que pot consultar-se aqu\u00ed: <a href=\"https:\/\/www.amazon.es\/gp\/help\/customer\/display.html?nodeId=GX7NJQ4ZB8MHFRNJ\">https:\/\/www.amazon.es\/gp\/help\/customer\/display.html?nodeId=GX7NJQ4ZB8MHFRNJ<\/a><\/div><div>\u00a0<\/div><\/div>\t\t\t\t\t\t\t\t<\/div>\n\t\t\t\t<\/div>\n\t\t\t\t\t<\/div>\n\t\t<\/div>\n\t\t\t\t\t<\/div>\n\t\t<\/section>\n\t\t\t\t<\/div>","protected":false},"excerpt":{"rendered":"<p>Bases de la promoci\u00f3n 1. Empresa Organizadora La empresa organizadora de la acci\u00f3n \u201cXEC AMAZON_M\u00c9S M\u00daTUA\u201d (en adelante, \u201cla Acci\u00f3n\u201d), que se regula mediante las presentes bases (en adelante \u201cBases\u201d), es SERPRECO CORREDUR\u00cdA DE SEGUROS SA, con domicilio en VIA LAIETANA, n\u00ba 39, 2a planta, 08003 Barcelona (en adelante SERPRECO). \u00a0 2.\u00a0 Duraci\u00f3n y \u00e1mbito &#8230; <a title=\"Bases de la promoci\u00f3\" class=\"read-more\" href=\"https:\/\/landing.serpreco.com\/ca\/bases-promocion\/\" aria-label=\"Read more about Bases de la promoci\u00f3n\">Read more<\/a><\/p>","protected":false},"author":4,"featured_media":0,"parent":0,"menu_order":0,"comment_status":"closed","ping_status":"closed","template":"","meta":{"_joinchat":[],"footnotes":""},"class_list":["post-3412","page","type-page","status-publish"],"_links":{"self":[{"href":"https:\/\/landing.serpreco.com\/ca\/wp-json\/wp\/v2\/pages\/3412","targetHints":{"allow":["GET"]}}],"collection":[{"href":"https:\/\/landing.serpreco.com\/ca\/wp-json\/wp\/v2\/pages"}],"about":[{"href":"https:\/\/landing.serpreco.com\/ca\/wp-json\/wp\/v2\/types\/page"}],"author":[{"embeddable":true,"href":"https:\/\/landing.serpreco.com\/ca\/wp-json\/wp\/v2\/users\/4"}],"replies":[{"embeddable":true,"href":"https:\/\/landing.serpreco.com\/ca\/wp-json\/wp\/v2\/comments?post=3412"}],"version-history":[{"count":41,"href":"https:\/\/landing.serpreco.com\/ca\/wp-json\/wp\/v2\/pages\/3412\/revisions"}],"predecessor-version":[{"id":3643,"href":"https:\/\/landing.serpreco.com\/ca\/wp-json\/wp\/v2\/pages\/3412\/revisions\/3643"}],"wp:attachment":[{"href":"https:\/\/landing.serpreco.com\/ca\/wp-json\/wp\/v2\/media?parent=3412"}],"curies":[{"name":"wp","href":"https:\/\/api.w.org\/{rel}","templated":true}]}}